{"id":2328,"date":"2021-03-05T08:58:04","date_gmt":"2021-03-05T07:58:04","guid":{"rendered":"http:\/\/fonteyneconstruction.be\/?page_id=2328"},"modified":"2021-03-07T19:43:25","modified_gmt":"2021-03-07T18:43:25","slug":"elementor-2328","status":"publish","type":"page","link":"https:\/\/fonteyneconstruction.be\/?page_id=2328","title":{"rendered":"Upigny Reno Salle de bain"},"content":{"rendered":"\t\t<div data-elementor-type=\"wp-page\" data-elementor-id=\"2328\" class=\"elementor elementor-2328\">\n\t\t\t\t\t\t<section class=\"elementor-section elementor-top-section elementor-element elementor-element-c719024 elementor-section-boxed elementor-section-height-default elementor-section-height-default\" data-id=\"c719024\" data-element_type=\"section\" data-e-type=\"section\" data-settings=\"{&quot;background_background&quot;:&quot;classic&quot;,&quot;_ha_eqh_enable&quot;:false}\">\n\t\t\t\t\t\t<div class=\"elementor-container elementor-column-gap-default\">\n\t\t\t\t\t<div class=\"elementor-column elementor-col-100 elementor-top-column elementor-element elementor-element-3bfd4be\" data-id=\"3bfd4be\" data-element_type=\"column\" data-e-type=\"column\">\n\t\t\t<div class=\"elementor-widget-wrap elementor-element-populated\">\n\t\t\t\t\t\t<div class=\"elementor-element elementor-element-0a1f6a0 elementor-widget elementor-widget-heading\" data-id=\"0a1f6a0\" data-element_type=\"widget\" data-e-type=\"widget\" data-widget_type=\"heading.default\">\n\t\t\t\t<div class=\"elementor-widget-container\">\n\t\t\t\t\t<h2 class=\"elementor-heading-title elementor-size-default\">R\u00e9novation compl\u00e8te d'une Salle de bain (Avant)<\/h2>\t\t\t\t<\/div>\n\t\t\t\t<\/div>\n\t\t\t\t<div class=\"elementor-element elementor-element-3741179 gallery-spacing-custom elementor-widget elementor-widget-image-gallery\" data-id=\"3741179\" data-element_type=\"widget\" data-e-type=\"widget\" data-widget_type=\"image-gallery.default\">\n\t\t\t\t<div class=\"elementor-widget-container\">\n\t\t\t\t\t\t\t<div class=\"elementor-image-gallery\">\n\t\t\t<div id='gallery-1' class='gallery galleryid-2328 gallery-columns-3 gallery-size-large'><figure class='gallery-item'>\n\t\t\t<div class='gallery-icon portrait'>\n\t\t\t\t<a data-elementor-open-lightbox=\"yes\" data-elementor-lightbox-slideshow=\"3741179\" data-elementor-lightbox-title=\"IMG_2040\" data-e-action-hash=\"#elementor-action%3Aaction%3Dlightbox%26settings%3DeyJpZCI6MjMxNSwidXJsIjoiaHR0cHM6XC9cL2ZvbnRleW5lY29uc3RydWN0aW9uLmJlXC93cC1jb250ZW50XC91cGxvYWRzXC8yMDIxXC8wM1wvSU1HXzIwNDAtc2NhbGVkLmpwZyIsInNsaWRlc2hvdyI6IjM3NDExNzkifQ%3D%3D\" href='https:\/\/fonteyneconstruction.be\/wp-content\/uploads\/2021\/03\/IMG_2040-scaled.jpg'><img fetchpriority=\"high\" decoding=\"async\" width=\"768\" height=\"1024\" src=\"https:\/\/fonteyneconstruction.be\/wp-content\/uploads\/2021\/03\/IMG_2040-768x1024.jpg\" class=\"attachment-large size-large\" alt=\"\" srcset=\"https:\/\/fonteyneconstruction.be\/wp-content\/uploads\/2021\/03\/IMG_2040-768x1024.jpg 768w, https:\/\/fonteyneconstruction.be\/wp-content\/uploads\/2021\/03\/IMG_2040-225x300.jpg 225w, https:\/\/fonteyneconstruction.be\/wp-content\/uploads\/2021\/03\/IMG_2040-1152x1536.jpg 1152w, https:\/\/fonteyneconstruction.be\/wp-content\/uploads\/2021\/03\/IMG_2040-1536x2048.jpg 1536w, https:\/\/fonteyneconstruction.be\/wp-content\/uploads\/2021\/03\/IMG_2040-scaled.jpg 1920w\" sizes=\"(max-width: 768px) 100vw, 768px\" \/><\/a>\n\t\t\t<\/div><\/figure><figure class='gallery-item'>\n\t\t\t<div class='gallery-icon portrait'>\n\t\t\t\t<a data-elementor-open-lightbox=\"yes\" data-elementor-lightbox-slideshow=\"3741179\" data-elementor-lightbox-title=\"IMG_2039\" data-e-action-hash=\"#elementor-action%3Aaction%3Dlightbox%26settings%3DeyJpZCI6MjM1MCwidXJsIjoiaHR0cHM6XC9cL2ZvbnRleW5lY29uc3RydWN0aW9uLmJlXC93cC1jb250ZW50XC91cGxvYWRzXC8yMDIwXC8wMlwvSU1HXzIwMzktc2NhbGVkLmpwZyIsInNsaWRlc2hvdyI6IjM3NDExNzkifQ%3D%3D\" href='https:\/\/fonteyneconstruction.be\/wp-content\/uploads\/2020\/02\/IMG_2039-scaled.jpg'><img decoding=\"async\" width=\"768\" height=\"1024\" src=\"https:\/\/fonteyneconstruction.be\/wp-content\/uploads\/2020\/02\/IMG_2039-scaled.jpg\" class=\"attachment-large size-large\" alt=\"\" srcset=\"https:\/\/fonteyneconstruction.be\/wp-content\/uploads\/2020\/02\/IMG_2039-scaled.jpg 1920w, https:\/\/fonteyneconstruction.be\/wp-content\/uploads\/2020\/02\/IMG_2039-225x300.jpg 225w\" sizes=\"(max-width: 768px) 100vw, 768px\" \/><\/a>\n\t\t\t<\/div><\/figure><figure class='gallery-item'>\n\t\t\t<div class='gallery-icon portrait'>\n\t\t\t\t<a data-elementor-open-lightbox=\"yes\" data-elementor-lightbox-slideshow=\"3741179\" data-elementor-lightbox-title=\"IMG_2041\" data-e-action-hash=\"#elementor-action%3Aaction%3Dlightbox%26settings%3DeyJpZCI6MjM1MiwidXJsIjoiaHR0cHM6XC9cL2ZvbnRleW5lY29uc3RydWN0aW9uLmJlXC93cC1jb250ZW50XC91cGxvYWRzXC8yMDIwXC8wMlwvSU1HXzIwNDEtc2NhbGVkLmpwZyIsInNsaWRlc2hvdyI6IjM3NDExNzkifQ%3D%3D\" href='https:\/\/fonteyneconstruction.be\/wp-content\/uploads\/2020\/02\/IMG_2041-scaled.jpg'><img decoding=\"async\" width=\"768\" height=\"1024\" src=\"https:\/\/fonteyneconstruction.be\/wp-content\/uploads\/2020\/02\/IMG_2041-scaled.jpg\" class=\"attachment-large size-large\" alt=\"\" srcset=\"https:\/\/fonteyneconstruction.be\/wp-content\/uploads\/2020\/02\/IMG_2041-scaled.jpg 1920w, https:\/\/fonteyneconstruction.be\/wp-content\/uploads\/2020\/02\/IMG_2041-225x300.jpg 225w\" sizes=\"(max-width: 768px) 100vw, 768px\" \/><\/a>\n\t\t\t<\/div><\/figure>\n\t\t<\/div>\n\t\t<\/div>\n\t\t\t\t\t\t<\/div>\n\t\t\t\t<\/div>\n\t\t\t\t<div class=\"elementor-element elementor-element-c03f93f elementor-widget-divider--view-line elementor-widget elementor-widget-divider\" data-id=\"c03f93f\" data-element_type=\"widget\" data-e-type=\"widget\" data-widget_type=\"divider.default\">\n\t\t\t\t<div class=\"elementor-widget-container\">\n\t\t\t\t\t\t\t<div class=\"elementor-divider\">\n\t\t\t<span class=\"elementor-divider-separator\">\n\t\t\t\t\t\t<\/span>\n\t\t<\/div>\n\t\t\t\t\t\t<\/div>\n\t\t\t\t<\/div>\n\t\t\t\t\t<\/div>\n\t\t<\/div>\n\t\t\t\t\t<\/div>\n\t\t<\/section>\n\t\t\t\t<section class=\"elementor-section elementor-top-section elementor-element elementor-element-8721451 elementor-section-boxed elementor-section-height-default elementor-section-height-default\" data-id=\"8721451\" data-element_type=\"section\" data-e-type=\"section\" data-settings=\"{&quot;background_background&quot;:&quot;classic&quot;,&quot;_ha_eqh_enable&quot;:false}\">\n\t\t\t\t\t\t<div class=\"elementor-container elementor-column-gap-default\">\n\t\t\t\t\t<div class=\"elementor-column elementor-col-100 elementor-top-column elementor-element elementor-element-25358eb\" data-id=\"25358eb\" data-element_type=\"column\" data-e-type=\"column\">\n\t\t\t<div class=\"elementor-widget-wrap elementor-element-populated\">\n\t\t\t\t\t\t<div class=\"elementor-element elementor-element-de5678b elementor-widget elementor-widget-heading\" data-id=\"de5678b\" data-element_type=\"widget\" data-e-type=\"widget\" data-widget_type=\"heading.default\">\n\t\t\t\t<div class=\"elementor-widget-container\">\n\t\t\t\t\t<h2 class=\"elementor-heading-title elementor-size-default\">R\u00e9novation compl\u00e8te d'une Salle de bain (apr\u00e8s)<\/h2>\t\t\t\t<\/div>\n\t\t\t\t<\/div>\n\t\t\t\t<div class=\"elementor-element elementor-element-5e59e13 gallery-spacing-custom elementor-widget elementor-widget-image-gallery\" data-id=\"5e59e13\" data-element_type=\"widget\" data-e-type=\"widget\" data-widget_type=\"image-gallery.default\">\n\t\t\t\t<div class=\"elementor-widget-container\">\n\t\t\t\t\t\t\t<div class=\"elementor-image-gallery\">\n\t\t\t<div id='gallery-2' class='gallery galleryid-2328 gallery-columns-3 gallery-size-large'><figure class='gallery-item'>\n\t\t\t<div class='gallery-icon portrait'>\n\t\t\t\t<a data-elementor-open-lightbox=\"yes\" data-elementor-lightbox-slideshow=\"5e59e13\" data-elementor-lightbox-title=\"IMG_2027\" data-e-action-hash=\"#elementor-action%3Aaction%3Dlightbox%26settings%3DeyJpZCI6MjMxNCwidXJsIjoiaHR0cHM6XC9cL2ZvbnRleW5lY29uc3RydWN0aW9uLmJlXC93cC1jb250ZW50XC91cGxvYWRzXC8yMDIxXC8wM1wvSU1HXzIwMjctc2NhbGVkLmpwZyIsInNsaWRlc2hvdyI6IjVlNTllMTMifQ%3D%3D\" href='https:\/\/fonteyneconstruction.be\/wp-content\/uploads\/2021\/03\/IMG_2027-scaled.jpg'><img loading=\"lazy\" decoding=\"async\" width=\"768\" height=\"1024\" src=\"https:\/\/fonteyneconstruction.be\/wp-content\/uploads\/2021\/03\/IMG_2027-768x1024.jpg\" class=\"attachment-large size-large\" alt=\"\" srcset=\"https:\/\/fonteyneconstruction.be\/wp-content\/uploads\/2021\/03\/IMG_2027-768x1024.jpg 768w, https:\/\/fonteyneconstruction.be\/wp-content\/uploads\/2021\/03\/IMG_2027-225x300.jpg 225w, https:\/\/fonteyneconstruction.be\/wp-content\/uploads\/2021\/03\/IMG_2027-1152x1536.jpg 1152w, https:\/\/fonteyneconstruction.be\/wp-content\/uploads\/2021\/03\/IMG_2027-1536x2048.jpg 1536w, https:\/\/fonteyneconstruction.be\/wp-content\/uploads\/2021\/03\/IMG_2027-scaled.jpg 1920w\" sizes=\"(max-width: 768px) 100vw, 768px\" \/><\/a>\n\t\t\t<\/div><\/figure><figure class='gallery-item'>\n\t\t\t<div class='gallery-icon portrait'>\n\t\t\t\t<a data-elementor-open-lightbox=\"yes\" data-elementor-lightbox-slideshow=\"5e59e13\" data-elementor-lightbox-title=\"IMG_2024\" data-e-action-hash=\"#elementor-action%3Aaction%3Dlightbox%26settings%3DeyJpZCI6MjMxMywidXJsIjoiaHR0cHM6XC9cL2ZvbnRleW5lY29uc3RydWN0aW9uLmJlXC93cC1jb250ZW50XC91cGxvYWRzXC8yMDIxXC8wM1wvSU1HXzIwMjQtc2NhbGVkLmpwZyIsInNsaWRlc2hvdyI6IjVlNTllMTMifQ%3D%3D\" href='https:\/\/fonteyneconstruction.be\/wp-content\/uploads\/2021\/03\/IMG_2024-scaled.jpg'><img loading=\"lazy\" decoding=\"async\" width=\"768\" height=\"1024\" src=\"https:\/\/fonteyneconstruction.be\/wp-content\/uploads\/2021\/03\/IMG_2024-768x1024.jpg\" class=\"attachment-large size-large\" alt=\"\" srcset=\"https:\/\/fonteyneconstruction.be\/wp-content\/uploads\/2021\/03\/IMG_2024-768x1024.jpg 768w, https:\/\/fonteyneconstruction.be\/wp-content\/uploads\/2021\/03\/IMG_2024-225x300.jpg 225w, https:\/\/fonteyneconstruction.be\/wp-content\/uploads\/2021\/03\/IMG_2024-1152x1536.jpg 1152w, https:\/\/fonteyneconstruction.be\/wp-content\/uploads\/2021\/03\/IMG_2024-1536x2048.jpg 1536w, https:\/\/fonteyneconstruction.be\/wp-content\/uploads\/2021\/03\/IMG_2024-scaled.jpg 1920w\" sizes=\"(max-width: 768px) 100vw, 768px\" \/><\/a>\n\t\t\t<\/div><\/figure><figure class='gallery-item'>\n\t\t\t<div class='gallery-icon portrait'>\n\t\t\t\t<a data-elementor-open-lightbox=\"yes\" data-elementor-lightbox-slideshow=\"5e59e13\" data-elementor-lightbox-title=\"IMG_2021\" data-e-action-hash=\"#elementor-action%3Aaction%3Dlightbox%26settings%3DeyJpZCI6MjMxMiwidXJsIjoiaHR0cHM6XC9cL2ZvbnRleW5lY29uc3RydWN0aW9uLmJlXC93cC1jb250ZW50XC91cGxvYWRzXC8yMDIxXC8wM1wvSU1HXzIwMjEtMS1zY2FsZWQuanBnIiwic2xpZGVzaG93IjoiNWU1OWUxMyJ9\" href='https:\/\/fonteyneconstruction.be\/wp-content\/uploads\/2021\/03\/IMG_2021-1-scaled.jpg'><img loading=\"lazy\" decoding=\"async\" width=\"768\" height=\"1024\" src=\"https:\/\/fonteyneconstruction.be\/wp-content\/uploads\/2021\/03\/IMG_2021-1-scaled.jpg\" class=\"attachment-large size-large\" alt=\"\" srcset=\"https:\/\/fonteyneconstruction.be\/wp-content\/uploads\/2021\/03\/IMG_2021-1-scaled.jpg 1920w, https:\/\/fonteyneconstruction.be\/wp-content\/uploads\/2021\/03\/IMG_2021-1-225x300.jpg 225w\" sizes=\"(max-width: 768px) 100vw, 768px\" \/><\/a>\n\t\t\t<\/div><\/figure><figure class='gallery-item'>\n\t\t\t<div class='gallery-icon portrait'>\n\t\t\t\t<a data-elementor-open-lightbox=\"yes\" data-elementor-lightbox-slideshow=\"5e59e13\" data-elementor-lightbox-title=\"IMG_2020\" data-e-action-hash=\"#elementor-action%3Aaction%3Dlightbox%26settings%3DeyJpZCI6MjMxMSwidXJsIjoiaHR0cHM6XC9cL2ZvbnRleW5lY29uc3RydWN0aW9uLmJlXC93cC1jb250ZW50XC91cGxvYWRzXC8yMDIxXC8wM1wvSU1HXzIwMjAtc2NhbGVkLmpwZyIsInNsaWRlc2hvdyI6IjVlNTllMTMifQ%3D%3D\" href='https:\/\/fonteyneconstruction.be\/wp-content\/uploads\/2021\/03\/IMG_2020-scaled.jpg'><img loading=\"lazy\" decoding=\"async\" width=\"768\" height=\"1024\" src=\"https:\/\/fonteyneconstruction.be\/wp-content\/uploads\/2021\/03\/IMG_2020-scaled.jpg\" class=\"attachment-large size-large\" alt=\"\" srcset=\"https:\/\/fonteyneconstruction.be\/wp-content\/uploads\/2021\/03\/IMG_2020-scaled.jpg 1920w, https:\/\/fonteyneconstruction.be\/wp-content\/uploads\/2021\/03\/IMG_2020-225x300.jpg 225w\" sizes=\"(max-width: 768px) 100vw, 768px\" \/><\/a>\n\t\t\t<\/div><\/figure><figure class='gallery-item'>\n\t\t\t<div class='gallery-icon portrait'>\n\t\t\t\t<a data-elementor-open-lightbox=\"yes\" data-elementor-lightbox-slideshow=\"5e59e13\" data-elementor-lightbox-title=\"IMG_1961\" data-e-action-hash=\"#elementor-action%3Aaction%3Dlightbox%26settings%3DeyJpZCI6MjMxMCwidXJsIjoiaHR0cHM6XC9cL2ZvbnRleW5lY29uc3RydWN0aW9uLmJlXC93cC1jb250ZW50XC91cGxvYWRzXC8yMDIxXC8wM1wvSU1HXzE5NjEtc2NhbGVkLmpwZyIsInNsaWRlc2hvdyI6IjVlNTllMTMifQ%3D%3D\" href='https:\/\/fonteyneconstruction.be\/wp-content\/uploads\/2021\/03\/IMG_1961-scaled.jpg'><img loading=\"lazy\" decoding=\"async\" width=\"768\" height=\"1024\" src=\"https:\/\/fonteyneconstruction.be\/wp-content\/uploads\/2021\/03\/IMG_1961-scaled.jpg\" class=\"attachment-large size-large\" alt=\"\" srcset=\"https:\/\/fonteyneconstruction.be\/wp-content\/uploads\/2021\/03\/IMG_1961-scaled.jpg 1920w, https:\/\/fonteyneconstruction.be\/wp-content\/uploads\/2021\/03\/IMG_1961-225x300.jpg 225w\" sizes=\"(max-width: 768px) 100vw, 768px\" \/><\/a>\n\t\t\t<\/div><\/figure><figure class='gallery-item'>\n\t\t\t<div class='gallery-icon portrait'>\n\t\t\t\t<a data-elementor-open-lightbox=\"yes\" data-elementor-lightbox-slideshow=\"5e59e13\" data-elementor-lightbox-title=\"IMG_2023\" data-e-action-hash=\"#elementor-action%3Aaction%3Dlightbox%26settings%3DeyJpZCI6MjM5MCwidXJsIjoiaHR0cHM6XC9cL2ZvbnRleW5lY29uc3RydWN0aW9uLmJlXC93cC1jb250ZW50XC91cGxvYWRzXC8yMDIxXC8wM1wvSU1HXzIwMjMtc2NhbGVkLmpwZyIsInNsaWRlc2hvdyI6IjVlNTllMTMifQ%3D%3D\" href='https:\/\/fonteyneconstruction.be\/wp-content\/uploads\/2021\/03\/IMG_2023-scaled.jpg'><img loading=\"lazy\" decoding=\"async\" width=\"768\" height=\"1024\" src=\"https:\/\/fonteyneconstruction.be\/wp-content\/uploads\/2021\/03\/IMG_2023-scaled.jpg\" class=\"attachment-large size-large\" alt=\"\" srcset=\"https:\/\/fonteyneconstruction.be\/wp-content\/uploads\/2021\/03\/IMG_2023-scaled.jpg 1920w, https:\/\/fonteyneconstruction.be\/wp-content\/uploads\/2021\/03\/IMG_2023-225x300.jpg 225w\" sizes=\"(max-width: 768px) 100vw, 768px\" \/><\/a>\n\t\t\t<\/div><\/figure><figure class='gallery-item'>\n\t\t\t<div class='gallery-icon '>\n\t\t\t\t<a data-elementor-open-lightbox=\"yes\" data-elementor-lightbox-slideshow=\"5e59e13\" data-elementor-lightbox-title=\"IMG_1949\" data-e-action-hash=\"#elementor-action%3Aaction%3Dlightbox%26settings%3DeyJpZCI6MjMwOCwidXJsIjoiaHR0cHM6XC9cL2ZvbnRleW5lY29uc3RydWN0aW9uLmJlXC93cC1jb250ZW50XC91cGxvYWRzXC8yMDIxXC8wM1wvSU1HXzE5NDkuanBnIiwic2xpZGVzaG93IjoiNWU1OWUxMyJ9\" href='https:\/\/fonteyneconstruction.be\/wp-content\/uploads\/2021\/03\/IMG_1949.jpg'><img loading=\"lazy\" decoding=\"async\" width=\"1\" height=\"1\" src=\"https:\/\/fonteyneconstruction.be\/wp-content\/uploads\/2021\/03\/IMG_1949.jpg\" class=\"attachment-large size-large\" alt=\"\" \/><\/a>\n\t\t\t<\/div><\/figure><figure class='gallery-item'>\n\t\t\t<div class='gallery-icon landscape'>\n\t\t\t\t<a data-elementor-open-lightbox=\"yes\" data-elementor-lightbox-slideshow=\"5e59e13\" data-elementor-lightbox-title=\"IMG_1946\" data-e-action-hash=\"#elementor-action%3Aaction%3Dlightbox%26settings%3DeyJpZCI6MjMwNywidXJsIjoiaHR0cHM6XC9cL2ZvbnRleW5lY29uc3RydWN0aW9uLmJlXC93cC1jb250ZW50XC91cGxvYWRzXC8yMDIxXC8wM1wvSU1HXzE5NDYtc2NhbGVkLmpwZyIsInNsaWRlc2hvdyI6IjVlNTllMTMifQ%3D%3D\" href='https:\/\/fonteyneconstruction.be\/wp-content\/uploads\/2021\/03\/IMG_1946-scaled.jpg'><img loading=\"lazy\" decoding=\"async\" width=\"1024\" height=\"748\" src=\"https:\/\/fonteyneconstruction.be\/wp-content\/uploads\/2021\/03\/IMG_1946-scaled.jpg\" class=\"attachment-large size-large\" alt=\"\" srcset=\"https:\/\/fonteyneconstruction.be\/wp-content\/uploads\/2021\/03\/IMG_1946-scaled.jpg 2560w, https:\/\/fonteyneconstruction.be\/wp-content\/uploads\/2021\/03\/IMG_1946-300x219.jpg 300w\" sizes=\"(max-width: 1024px) 100vw, 1024px\" \/><\/a>\n\t\t\t<\/div><\/figure><figure class='gallery-item'>\n\t\t\t<div class='gallery-icon landscape'>\n\t\t\t\t<a data-elementor-open-lightbox=\"yes\" data-elementor-lightbox-slideshow=\"5e59e13\" data-elementor-lightbox-title=\"IMG_1959\" data-e-action-hash=\"#elementor-action%3Aaction%3Dlightbox%26settings%3DeyJpZCI6MjMwOSwidXJsIjoiaHR0cHM6XC9cL2ZvbnRleW5lY29uc3RydWN0aW9uLmJlXC93cC1jb250ZW50XC91cGxvYWRzXC8yMDIxXC8wM1wvSU1HXzE5NTktc2NhbGVkLmpwZyIsInNsaWRlc2hvdyI6IjVlNTllMTMifQ%3D%3D\" href='https:\/\/fonteyneconstruction.be\/wp-content\/uploads\/2021\/03\/IMG_1959-scaled.jpg'><img loading=\"lazy\" decoding=\"async\" width=\"1024\" height=\"768\" src=\"https:\/\/fonteyneconstruction.be\/wp-content\/uploads\/2021\/03\/IMG_1959-scaled.jpg\" class=\"attachment-large size-large\" alt=\"\" srcset=\"https:\/\/fonteyneconstruction.be\/wp-content\/uploads\/2021\/03\/IMG_1959-scaled.jpg 2560w, https:\/\/fonteyneconstruction.be\/wp-content\/uploads\/2021\/03\/IMG_1959-300x225.jpg 300w\" sizes=\"(max-width: 1024px) 100vw, 1024px\" \/><\/a>\n\t\t\t<\/div><\/figure><figure class='gallery-item'>\n\t\t\t<div class='gallery-icon '>\n\t\t\t\t<a data-elementor-open-lightbox=\"yes\" data-elementor-lightbox-slideshow=\"5e59e13\" data-elementor-lightbox-title=\"IMG_2015\" data-e-action-hash=\"#elementor-action%3Aaction%3Dlightbox%26settings%3DeyJpZCI6MjM4OSwidXJsIjoiaHR0cHM6XC9cL2ZvbnRleW5lY29uc3RydWN0aW9uLmJlXC93cC1jb250ZW50XC91cGxvYWRzXC8yMDIxXC8wM1wvSU1HXzIwMTUuanBnIiwic2xpZGVzaG93IjoiNWU1OWUxMyJ9\" href='https:\/\/fonteyneconstruction.be\/wp-content\/uploads\/2021\/03\/IMG_2015.jpg'><img loading=\"lazy\" decoding=\"async\" width=\"1\" height=\"1\" src=\"https:\/\/fonteyneconstruction.be\/wp-content\/uploads\/2021\/03\/IMG_2015.jpg\" class=\"attachment-large size-large\" alt=\"\" \/><\/a>\n\t\t\t<\/div><\/figure>\n\t\t<\/div>\n\t\t<\/div>\n\t\t\t\t\t\t<\/div>\n\t\t\t\t<\/div>\n\t\t\t\t<div class=\"elementor-element elementor-element-447a0c7 elementor-widget-divider--view-line elementor-widget elementor-widget-divider\" data-id=\"447a0c7\" data-element_type=\"widget\" data-e-type=\"widget\" data-widget_type=\"divider.default\">\n\t\t\t\t<div class=\"elementor-widget-container\">\n\t\t\t\t\t\t\t<div class=\"elementor-divider\">\n\t\t\t<span class=\"elementor-divider-separator\">\n\t\t\t\t\t\t<\/span>\n\t\t<\/div>\n\t\t\t\t\t\t<\/div>\n\t\t\t\t<\/div>\n\t\t\t\t\t<\/div>\n\t\t<\/div>\n\t\t\t\t\t<\/div>\n\t\t<\/section>\n\t\t\t\t<\/div>\n\t\t","protected":false},"excerpt":{"rendered":"<p>R\u00e9novation compl\u00e8te d&#8217;une Salle de bain (Avant) R\u00e9novation compl\u00e8te d&#8217;une Salle de bain (apr\u00e8s)<\/p>\n","protected":false},"author":1,"featured_media":0,"parent":74,"menu_order":0,"comment_status":"closed","ping_status":"closed","template":"elementor_theme","meta":{"_monsterinsights_skip_tracking":false,"_monsterinsights_sitenote_active":false,"_monsterinsights_sitenote_note":"","_monsterinsights_sitenote_category":0,"footnotes":""},"class_list":["post-2328","page","type-page","status-publish","hentry"],"_links":{"self":[{"href":"https:\/\/fonteyneconstruction.be\/index.php?rest_route=\/wp\/v2\/pages\/2328","targetHints":{"allow":["GET"]}}],"collection":[{"href":"https:\/\/fonteyneconstruction.be\/index.php?rest_route=\/wp\/v2\/pages"}],"about":[{"href":"https:\/\/fonteyneconstruction.be\/index.php?rest_route=\/wp\/v2\/types\/page"}],"author":[{"embeddable":true,"href":"https:\/\/fonteyneconstruction.be\/index.php?rest_route=\/wp\/v2\/users\/1"}],"replies":[{"embeddable":true,"href":"https:\/\/fonteyneconstruction.be\/index.php?rest_route=%2Fwp%2Fv2%2Fcomments&post=2328"}],"version-history":[{"count":0,"href":"https:\/\/fonteyneconstruction.be\/index.php?rest_route=\/wp\/v2\/pages\/2328\/revisions"}],"up":[{"embeddable":true,"href":"https:\/\/fonteyneconstruction.be\/index.php?rest_route=\/wp\/v2\/pages\/74"}],"wp:attachment":[{"href":"https:\/\/fonteyneconstruction.be\/index.php?rest_route=%2Fwp%2Fv2%2Fmedia&parent=2328"}],"curies":[{"name":"wp","href":"https:\/\/api.w.org\/{rel}","templated":true}]}}