{"id":3086,"date":"2021-03-13T20:18:17","date_gmt":"2021-03-13T19:18:17","guid":{"rendered":"https:\/\/fonteyneconstruction.be\/?page_id=3086"},"modified":"2021-03-19T20:27:31","modified_gmt":"2021-03-19T19:27:31","slug":"piscine","status":"publish","type":"page","link":"https:\/\/fonteyneconstruction.be\/?page_id=3086","title":{"rendered":"Piscine"},"content":{"rendered":"\t\t<div data-elementor-type=\"wp-page\" data-elementor-id=\"3086\" class=\"elementor elementor-3086\">\n\t\t\t\t\t\t<section class=\"elementor-section elementor-top-section elementor-element elementor-element-63d79340 elementor-section-boxed elementor-section-height-default elementor-section-height-default\" data-id=\"63d79340\" data-element_type=\"section\" data-e-type=\"section\" data-settings=\"{&quot;background_background&quot;:&quot;classic&quot;,&quot;_ha_eqh_enable&quot;:false}\">\n\t\t\t\t\t\t\t<div class=\"elementor-background-overlay\"><\/div>\n\t\t\t\t\t\t\t<div class=\"elementor-container elementor-column-gap-no\">\n\t\t\t\t\t<div class=\"elementor-column elementor-col-100 elementor-top-column elementor-element elementor-element-2a6826ae\" data-id=\"2a6826ae\" data-element_type=\"column\" data-e-type=\"column\">\n\t\t\t<div class=\"elementor-widget-wrap elementor-element-populated\">\n\t\t\t\t\t\t<div class=\"elementor-element elementor-element-60b86b3e elementor-widget elementor-widget-heading\" data-id=\"60b86b3e\" data-element_type=\"widget\" data-e-type=\"widget\" data-widget_type=\"heading.default\">\n\t\t\t\t<div class=\"elementor-widget-container\">\n\t\t\t\t\t<h1 class=\"elementor-heading-title elementor-size-default\">Piscine<\/h1>\t\t\t\t<\/div>\n\t\t\t\t<\/div>\n\t\t\t\t\t<\/div>\n\t\t<\/div>\n\t\t\t\t\t<\/div>\n\t\t<\/section>\n\t\t\t\t<section class=\"elementor-section elementor-top-section elementor-element elementor-element-d43355f elementor-section-boxed elementor-section-height-default elementor-section-height-default\" data-id=\"d43355f\" data-element_type=\"section\" data-e-type=\"section\" data-settings=\"{&quot;background_background&quot;:&quot;classic&quot;,&quot;_ha_eqh_enable&quot;:false}\">\n\t\t\t\t\t\t<div class=\"elementor-container elementor-column-gap-default\">\n\t\t\t\t\t<div class=\"elementor-column elementor-col-100 elementor-top-column elementor-element elementor-element-e576368\" data-id=\"e576368\" data-element_type=\"column\" data-e-type=\"column\">\n\t\t\t<div class=\"elementor-widget-wrap elementor-element-populated\">\n\t\t\t\t\t\t<div class=\"elementor-element elementor-element-8038071 elementor-widget elementor-widget-spacer\" data-id=\"8038071\" data-element_type=\"widget\" data-e-type=\"widget\" data-widget_type=\"spacer.default\">\n\t\t\t\t<div class=\"elementor-widget-container\">\n\t\t\t\t\t\t\t<div class=\"elementor-spacer\">\n\t\t\t<div class=\"elementor-spacer-inner\"><\/div>\n\t\t<\/div>\n\t\t\t\t\t\t<\/div>\n\t\t\t\t<\/div>\n\t\t\t\t<div class=\"elementor-element elementor-element-80e0e4e elementor-widget elementor-widget-heading\" data-id=\"80e0e4e\" data-element_type=\"widget\" data-e-type=\"widget\" data-settings=\"{&quot;ha_floating_fx&quot;:&quot;yes&quot;,&quot;ha_floating_fx_translate_toggle&quot;:&quot;yes&quot;,&quot;ha_floating_fx_translate_x&quot;:{&quot;unit&quot;:&quot;px&quot;,&quot;size&quot;:&quot;&quot;,&quot;sizes&quot;:{&quot;from&quot;:0,&quot;to&quot;:16}},&quot;ha_floating_fx_translate_y&quot;:{&quot;unit&quot;:&quot;px&quot;,&quot;size&quot;:&quot;&quot;,&quot;sizes&quot;:{&quot;from&quot;:0,&quot;to&quot;:14}},&quot;ha_floating_fx_translate_duration&quot;:{&quot;unit&quot;:&quot;px&quot;,&quot;size&quot;:1000,&quot;sizes&quot;:[]},&quot;ha_floating_fx_translate_delay&quot;:{&quot;unit&quot;:&quot;px&quot;,&quot;size&quot;:&quot;&quot;,&quot;sizes&quot;:[]}}\" data-widget_type=\"heading.default\">\n\t\t\t\t<div class=\"elementor-widget-container\">\n\t\t\t\t\t<h2 class=\"elementor-heading-title elementor-size-default\">Piscine : un espace \u00e0 partager\n<\/h2>\t\t\t\t<\/div>\n\t\t\t\t<\/div>\n\t\t\t\t<div class=\"elementor-element elementor-element-09dfe36 elementor-widget elementor-widget-spacer\" data-id=\"09dfe36\" data-element_type=\"widget\" data-e-type=\"widget\" data-widget_type=\"spacer.default\">\n\t\t\t\t<div class=\"elementor-widget-container\">\n\t\t\t\t\t\t\t<div class=\"elementor-spacer\">\n\t\t\t<div class=\"elementor-spacer-inner\"><\/div>\n\t\t<\/div>\n\t\t\t\t\t\t<\/div>\n\t\t\t\t<\/div>\n\t\t\t\t<section class=\"elementor-section elementor-inner-section elementor-element elementor-element-aacf3f9 elementor-section-boxed elementor-section-height-default elementor-section-height-default\" data-id=\"aacf3f9\" data-element_type=\"section\" data-e-type=\"section\" data-settings=\"{&quot;_ha_eqh_enable&quot;:false}\">\n\t\t\t\t\t\t<div class=\"elementor-container elementor-column-gap-default\">\n\t\t\t\t\t<div class=\"elementor-column elementor-col-50 elementor-inner-column elementor-element elementor-element-4cb1e8c\" data-id=\"4cb1e8c\" data-element_type=\"column\" data-e-type=\"column\">\n\t\t\t<div class=\"elementor-widget-wrap elementor-element-populated\">\n\t\t\t\t\t\t<div class=\"elementor-element elementor-element-4691b8f elementor-widget elementor-widget-image\" data-id=\"4691b8f\" data-element_type=\"widget\" data-e-type=\"widget\" data-widget_type=\"image.default\">\n\t\t\t\t<div class=\"elementor-widget-container\">\n\t\t\t\t\t\t\t\t\t\t\t\t\t\t\t<img fetchpriority=\"high\" decoding=\"async\" width=\"1024\" height=\"717\" src=\"https:\/\/fonteyneconstruction.be\/wp-content\/uploads\/2021\/03\/DSCI0164-scaled-e1616080649144-1024x717.jpg\" class=\"attachment-large size-large wp-image-1908\" alt=\"\" srcset=\"https:\/\/fonteyneconstruction.be\/wp-content\/uploads\/2021\/03\/DSCI0164-scaled-e1616080649144-1024x717.jpg 1024w, https:\/\/fonteyneconstruction.be\/wp-content\/uploads\/2021\/03\/DSCI0164-scaled-e1616080649144-300x210.jpg 300w, https:\/\/fonteyneconstruction.be\/wp-content\/uploads\/2021\/03\/DSCI0164-scaled-e1616080649144-768x538.jpg 768w, https:\/\/fonteyneconstruction.be\/wp-content\/uploads\/2021\/03\/DSCI0164-scaled-e1616080649144-1536x1075.jpg 1536w, https:\/\/fonteyneconstruction.be\/wp-content\/uploads\/2021\/03\/DSCI0164-scaled-e1616080649144-2048x1434.jpg 2048w\" sizes=\"(max-width: 1024px) 100vw, 1024px\" \/>\t\t\t\t\t\t\t\t\t\t\t\t\t\t\t<\/div>\n\t\t\t\t<\/div>\n\t\t\t\t\t<\/div>\n\t\t<\/div>\n\t\t\t\t<div class=\"elementor-column elementor-col-50 elementor-inner-column elementor-element elementor-element-741b372\" data-id=\"741b372\" data-element_type=\"column\" data-e-type=\"column\">\n\t\t\t<div class=\"elementor-widget-wrap elementor-element-populated\">\n\t\t\t\t\t\t<div class=\"elementor-element elementor-element-20dc6ae elementor-widget elementor-widget-text-editor\" data-id=\"20dc6ae\" data-element_type=\"widget\" data-e-type=\"widget\" data-widget_type=\"text-editor.default\">\n\t\t\t\t<div class=\"elementor-widget-container\">\n\t\t\t\t\t\t\t\t\t<h3>Un Espace \u00e0 Partager<\/h3><div>\u00a0<\/div><div>Les piscines sont d\u00e9sormais con\u00e7ues par les professionnels comme des ensembles coh\u00e9rents, des lieux \u00e0 vivre, \u00e0 partager. Les plages sont am\u00e9nag\u00e9es, les bassins int\u00e9gr\u00e9s \u00e0 leur environnement et participent activement \u00e0 la\u00a0<a href=\"https:\/\/designmag.fr\/amenagement-jardin-avec-piscine-75-idees-pour-sinspirer.html\" target=\"_blank\" rel=\"noopener\">d\u00e9coration du jardin<\/a>, de par leurs formes, leurs couleurs, leur \u00e9clairage, etc. Ce sont des vrais lieux de partage d&#8217;activit\u00e9 en famille ou entre amis. Contactez-nous et dites nous ce que vous avez envie comme plaisir de baignade et nous \u00e9tudierons ensemble votre pool project.<\/div>\t\t\t\t\t\t\t\t<\/div>\n\t\t\t\t<\/div>\n\t\t\t\t\t<\/div>\n\t\t<\/div>\n\t\t\t\t\t<\/div>\n\t\t<\/section>\n\t\t\t\t<section class=\"elementor-section elementor-inner-section elementor-element elementor-element-9aa8797 elementor-section-boxed elementor-section-height-default elementor-section-height-default\" data-id=\"9aa8797\" data-element_type=\"section\" data-e-type=\"section\" data-settings=\"{&quot;_ha_eqh_enable&quot;:false}\">\n\t\t\t\t\t\t<div class=\"elementor-container elementor-column-gap-default\">\n\t\t\t\t\t<div class=\"elementor-column elementor-col-50 elementor-inner-column elementor-element elementor-element-4d4511e\" data-id=\"4d4511e\" data-element_type=\"column\" data-e-type=\"column\">\n\t\t\t<div class=\"elementor-widget-wrap elementor-element-populated\">\n\t\t\t\t\t\t<div class=\"elementor-element elementor-element-5dea78a elementor-widget elementor-widget-text-editor\" data-id=\"5dea78a\" data-element_type=\"widget\" data-e-type=\"widget\" data-widget_type=\"text-editor.default\">\n\t\t\t\t<div class=\"elementor-widget-container\">\n\t\t\t\t\t\t\t\t\t<h3>Un espace int\u00e9gr\u00e9 dans le cadre de vie<\/h3><p>\u00a0<\/p><p>Les piscines sont \u00e9galement envisag\u00e9es comme des espaces de vie \u00e0 part enti\u00e8re, participant au bien-\u00eatre global. La famille et les amis s&#8217;y retrouvent dans une ambiance conviviale, rappelant celle des vacances. Les piscines compl\u00e8tent ainsi les traditionnelles pi\u00e8ces de la maison et font d\u00e9sormais partie int\u00e9grante de la d\u00e9coration du jardin o\u00f9 les Fran\u00e7ais aiment de plus en plus se ressourcer.<\/p>\t\t\t\t\t\t\t\t<\/div>\n\t\t\t\t<\/div>\n\t\t\t\t\t<\/div>\n\t\t<\/div>\n\t\t\t\t<div class=\"elementor-column elementor-col-50 elementor-inner-column elementor-element elementor-element-632a656\" data-id=\"632a656\" data-element_type=\"column\" data-e-type=\"column\">\n\t\t\t<div class=\"elementor-widget-wrap elementor-element-populated\">\n\t\t\t\t\t\t<div class=\"elementor-element elementor-element-c4419d6 elementor-widget elementor-widget-image\" data-id=\"c4419d6\" data-element_type=\"widget\" data-e-type=\"widget\" data-widget_type=\"image.default\">\n\t\t\t\t<div class=\"elementor-widget-container\">\n\t\t\t\t\t\t\t\t\t\t\t\t\t\t\t<img decoding=\"async\" width=\"1024\" height=\"709\" src=\"https:\/\/fonteyneconstruction.be\/wp-content\/uploads\/2021\/03\/DSCI0173-scaled-e1616080804295-1024x709.jpg\" class=\"attachment-large size-large wp-image-1909\" alt=\"\" srcset=\"https:\/\/fonteyneconstruction.be\/wp-content\/uploads\/2021\/03\/DSCI0173-scaled-e1616080804295-1024x709.jpg 1024w, https:\/\/fonteyneconstruction.be\/wp-content\/uploads\/2021\/03\/DSCI0173-scaled-e1616080804295-300x208.jpg 300w, https:\/\/fonteyneconstruction.be\/wp-content\/uploads\/2021\/03\/DSCI0173-scaled-e1616080804295-768x532.jpg 768w, https:\/\/fonteyneconstruction.be\/wp-content\/uploads\/2021\/03\/DSCI0173-scaled-e1616080804295-1536x1063.jpg 1536w, https:\/\/fonteyneconstruction.be\/wp-content\/uploads\/2021\/03\/DSCI0173-scaled-e1616080804295-2048x1418.jpg 2048w\" sizes=\"(max-width: 1024px) 100vw, 1024px\" \/>\t\t\t\t\t\t\t\t\t\t\t\t\t\t\t<\/div>\n\t\t\t\t<\/div>\n\t\t\t\t\t<\/div>\n\t\t<\/div>\n\t\t\t\t\t<\/div>\n\t\t<\/section>\n\t\t\t\t<div class=\"elementor-element elementor-element-5d79c41 elementor-widget elementor-widget-spacer\" data-id=\"5d79c41\" data-element_type=\"widget\" data-e-type=\"widget\" data-widget_type=\"spacer.default\">\n\t\t\t\t<div class=\"elementor-widget-container\">\n\t\t\t\t\t\t\t<div class=\"elementor-spacer\">\n\t\t\t<div class=\"elementor-spacer-inner\"><\/div>\n\t\t<\/div>\n\t\t\t\t\t\t<\/div>\n\t\t\t\t<\/div>\n\t\t\t\t<div class=\"elementor-element elementor-element-7cfe04b elementor-widget elementor-widget-heading\" data-id=\"7cfe04b\" data-element_type=\"widget\" data-e-type=\"widget\" data-widget_type=\"heading.default\">\n\t\t\t\t<div class=\"elementor-widget-container\">\n\t\t\t\t\t<h2 class=\"elementor-heading-title elementor-size-default\">Piscine : Plus petite mais mieux \u00e9quip\u00e9e\n<\/h2>\t\t\t\t<\/div>\n\t\t\t\t<\/div>\n\t\t\t\t<div class=\"elementor-element elementor-element-50ba1fa elementor-widget elementor-widget-spacer\" data-id=\"50ba1fa\" data-element_type=\"widget\" data-e-type=\"widget\" data-widget_type=\"spacer.default\">\n\t\t\t\t<div class=\"elementor-widget-container\">\n\t\t\t\t\t\t\t<div class=\"elementor-spacer\">\n\t\t\t<div class=\"elementor-spacer-inner\"><\/div>\n\t\t<\/div>\n\t\t\t\t\t\t<\/div>\n\t\t\t\t<\/div>\n\t\t\t\t<section class=\"elementor-section elementor-inner-section elementor-element elementor-element-18feb2a elementor-section-boxed elementor-section-height-default elementor-section-height-default\" data-id=\"18feb2a\" data-element_type=\"section\" data-e-type=\"section\" data-settings=\"{&quot;_ha_eqh_enable&quot;:false}\">\n\t\t\t\t\t\t<div class=\"elementor-container elementor-column-gap-default\">\n\t\t\t\t\t<div class=\"elementor-column elementor-col-50 elementor-inner-column elementor-element elementor-element-bc733cd\" data-id=\"bc733cd\" data-element_type=\"column\" data-e-type=\"column\">\n\t\t\t<div class=\"elementor-widget-wrap elementor-element-populated\">\n\t\t\t\t\t\t<div class=\"elementor-element elementor-element-8563084 elementor-widget elementor-widget-image\" data-id=\"8563084\" data-element_type=\"widget\" data-e-type=\"widget\" data-widget_type=\"image.default\">\n\t\t\t\t<div class=\"elementor-widget-container\">\n\t\t\t\t\t\t\t\t\t\t\t\t\t\t\t<img decoding=\"async\" width=\"1024\" height=\"556\" src=\"https:\/\/fonteyneconstruction.be\/wp-content\/uploads\/2021\/03\/DSCI0382bis-1024x556.jpg\" class=\"attachment-large size-large wp-image-1910\" alt=\"\" srcset=\"https:\/\/fonteyneconstruction.be\/wp-content\/uploads\/2021\/03\/DSCI0382bis-1024x556.jpg 1024w, https:\/\/fonteyneconstruction.be\/wp-content\/uploads\/2021\/03\/DSCI0382bis-300x163.jpg 300w, https:\/\/fonteyneconstruction.be\/wp-content\/uploads\/2021\/03\/DSCI0382bis-768x417.jpg 768w, https:\/\/fonteyneconstruction.be\/wp-content\/uploads\/2021\/03\/DSCI0382bis-1536x834.jpg 1536w, https:\/\/fonteyneconstruction.be\/wp-content\/uploads\/2021\/03\/DSCI0382bis-2048x1111.jpg 2048w\" sizes=\"(max-width: 1024px) 100vw, 1024px\" \/>\t\t\t\t\t\t\t\t\t\t\t\t\t\t\t<\/div>\n\t\t\t\t<\/div>\n\t\t\t\t\t<\/div>\n\t\t<\/div>\n\t\t\t\t<div class=\"elementor-column elementor-col-50 elementor-inner-column elementor-element elementor-element-e9d3fda\" data-id=\"e9d3fda\" data-element_type=\"column\" data-e-type=\"column\">\n\t\t\t<div class=\"elementor-widget-wrap elementor-element-populated\">\n\t\t\t\t\t\t<div class=\"elementor-element elementor-element-9d00dde elementor-widget elementor-widget-text-editor\" data-id=\"9d00dde\" data-element_type=\"widget\" data-e-type=\"widget\" data-widget_type=\"text-editor.default\">\n\t\t\t\t<div class=\"elementor-widget-container\">\n\t\t\t\t\t\t\t\t\t<h3>Des piscines plus petites<\/h3><div>\u00a0<\/div><div><p>On retrouve d\u00e9sormais des piscines m\u00eame pour les petits jardins et plus seulement dans de grandes propri\u00e9t\u00e9s. Si, dans les ann\u00e9es 80, une piscine faisait ainsi 72 m\u00b2 (12x6m) et 1.80 m de profondeur, elle fait aujourd&#8217;hui en moyenne 32 m\u00b2 (8&#215;4) pour 1.40 m de profondeur. Elles sont \u00e9galement moins rectilignes que par le pass\u00e9 et adoptent des forment beaucoup plus originales.<\/p><\/div>\t\t\t\t\t\t\t\t<\/div>\n\t\t\t\t<\/div>\n\t\t\t\t\t<\/div>\n\t\t<\/div>\n\t\t\t\t\t<\/div>\n\t\t<\/section>\n\t\t\t\t<section class=\"elementor-section elementor-inner-section elementor-element elementor-element-849adcf elementor-section-boxed elementor-section-height-default elementor-section-height-default\" data-id=\"849adcf\" data-element_type=\"section\" data-e-type=\"section\" data-settings=\"{&quot;_ha_eqh_enable&quot;:false}\">\n\t\t\t\t\t\t<div class=\"elementor-container elementor-column-gap-default\">\n\t\t\t\t\t<div class=\"elementor-column elementor-col-50 elementor-inner-column elementor-element elementor-element-08c077b\" data-id=\"08c077b\" data-element_type=\"column\" data-e-type=\"column\">\n\t\t\t<div class=\"elementor-widget-wrap elementor-element-populated\">\n\t\t\t\t\t\t<div class=\"elementor-element elementor-element-4fffc79 elementor-widget elementor-widget-text-editor\" data-id=\"4fffc79\" data-element_type=\"widget\" data-e-type=\"widget\" data-widget_type=\"text-editor.default\">\n\t\t\t\t<div class=\"elementor-widget-container\">\n\t\t\t\t\t\t\t\t\t<h3>Des piscines mieux \u00e9quip\u00e9es<\/h3>\n<div>&nbsp;<\/div>\n<div>\n<p>Aujourd&#8217;hui, les belges pr\u00e9f\u00e8rent installer des piscines plus petites qu&#8217;auparavant, mais plus fournies en \u00e9quipements pour r\u00e9pondre aux diff\u00e9rentes envies de toute la famille : des accessoires qui &#8220;facilitent&#8221; la piscine, comme les escaliers, qui allongent la saison des baignades comme les chauffages et les abris ou encore qui facilitent l&#8217;entretien comme les robots de nettoyage, gestion automatique des traitements , sel , chlore, piscine \u00e0 d\u00e9bordement etc&#8230;.<\/p>\n<\/div>\t\t\t\t\t\t\t\t<\/div>\n\t\t\t\t<\/div>\n\t\t\t\t\t<\/div>\n\t\t<\/div>\n\t\t\t\t<div class=\"elementor-column elementor-col-50 elementor-inner-column elementor-element elementor-element-5f66591\" data-id=\"5f66591\" data-element_type=\"column\" data-e-type=\"column\">\n\t\t\t<div class=\"elementor-widget-wrap elementor-element-populated\">\n\t\t\t\t\t\t<div class=\"elementor-element elementor-element-8a3c4aa elementor-widget elementor-widget-image\" data-id=\"8a3c4aa\" data-element_type=\"widget\" data-e-type=\"widget\" data-widget_type=\"image.default\">\n\t\t\t\t<div class=\"elementor-widget-container\">\n\t\t\t\t\t\t\t\t\t\t\t\t\t\t\t<img loading=\"lazy\" decoding=\"async\" width=\"1024\" height=\"1024\" src=\"https:\/\/fonteyneconstruction.be\/wp-content\/uploads\/2021\/03\/IMG_8843-1024x1024.jpg\" class=\"attachment-large size-large wp-image-2024\" alt=\"\" srcset=\"https:\/\/fonteyneconstruction.be\/wp-content\/uploads\/2021\/03\/IMG_8843-1024x1024.jpg 1024w, https:\/\/fonteyneconstruction.be\/wp-content\/uploads\/2021\/03\/IMG_8843-300x300.jpg 300w, https:\/\/fonteyneconstruction.be\/wp-content\/uploads\/2021\/03\/IMG_8843-150x150.jpg 150w, https:\/\/fonteyneconstruction.be\/wp-content\/uploads\/2021\/03\/IMG_8843-768x768.jpg 768w, https:\/\/fonteyneconstruction.be\/wp-content\/uploads\/2021\/03\/IMG_8843.jpg 1080w\" sizes=\"(max-width: 1024px) 100vw, 1024px\" \/>\t\t\t\t\t\t\t\t\t\t\t\t\t\t\t<\/div>\n\t\t\t\t<\/div>\n\t\t\t\t\t<\/div>\n\t\t<\/div>\n\t\t\t\t\t<\/div>\n\t\t<\/section>\n\t\t\t\t<div class=\"elementor-element elementor-element-6961de6 elementor-widget elementor-widget-spacer\" data-id=\"6961de6\" data-element_type=\"widget\" data-e-type=\"widget\" data-widget_type=\"spacer.default\">\n\t\t\t\t<div class=\"elementor-widget-container\">\n\t\t\t\t\t\t\t<div class=\"elementor-spacer\">\n\t\t\t<div class=\"elementor-spacer-inner\"><\/div>\n\t\t<\/div>\n\t\t\t\t\t\t<\/div>\n\t\t\t\t<\/div>\n\t\t\t\t\t<\/div>\n\t\t<\/div>\n\t\t\t\t\t<\/div>\n\t\t<\/section>\n\t\t\t\t<section class=\"elementor-section elementor-top-section elementor-element elementor-element-8e3ca86 elementor-section-boxed elementor-section-height-default elementor-section-height-default\" data-id=\"8e3ca86\" data-element_type=\"section\" data-e-type=\"section\" data-settings=\"{&quot;background_background&quot;:&quot;classic&quot;,&quot;_ha_eqh_enable&quot;:false}\">\n\t\t\t\t\t\t\t<div class=\"elementor-background-overlay\"><\/div>\n\t\t\t\t\t\t\t<div class=\"elementor-container elementor-column-gap-no\">\n\t\t\t\t\t<div class=\"elementor-column elementor-col-100 elementor-top-column elementor-element elementor-element-f38719b\" data-id=\"f38719b\" data-element_type=\"column\" data-e-type=\"column\">\n\t\t\t<div class=\"elementor-widget-wrap elementor-element-populated\">\n\t\t\t\t\t\t<div class=\"elementor-element elementor-element-68fe102 elementor-widget elementor-widget-heading\" data-id=\"68fe102\" data-element_type=\"widget\" data-e-type=\"widget\" data-widget_type=\"heading.default\">\n\t\t\t\t<div class=\"elementor-widget-container\">\n\t\t\t\t\t<h2 class=\"elementor-heading-title elementor-size-default\">Vers votre futur pool garden<\/h2>\t\t\t\t<\/div>\n\t\t\t\t<\/div>\n\t\t\t\t<div class=\"elementor-element elementor-element-e420fdf elementor-align-center elementor-widget elementor-widget-button\" data-id=\"e420fdf\" data-element_type=\"widget\" data-e-type=\"widget\" data-widget_type=\"button.default\">\n\t\t\t\t<div class=\"elementor-widget-container\">\n\t\t\t\t\t\t\t\t\t<div class=\"elementor-button-wrapper\">\n\t\t\t\t\t<a class=\"elementor-button elementor-button-link elementor-size-sm\" href=\"http:\/\/fonteyneconstruction.be\/?page_id=73\" target=\"_blank\">\n\t\t\t\t\t\t<span class=\"elementor-button-content-wrapper\">\n\t\t\t\t\t\t<span class=\"elementor-button-icon\">\n\t\t\t\t<svg xmlns=\"http:\/\/www.w3.org\/2000\/svg\" viewBox=\"0 0 32 32\"><path d=\"M 18.71875 6.78125 L 17.28125 8.21875 L 24.0625 15 L 4 15 L 4 17 L 24.0625 17 L 17.28125 23.78125 L 18.71875 25.21875 L 27.21875 16.71875 L 27.90625 16 L 27.21875 15.28125 Z\"><\/path><\/svg>\t\t\t<\/span>\n\t\t\t\t\t\t\t\t\t<span class=\"elementor-button-text\">Contactez-nous d\u00e8s aujourd'hui<\/span>\n\t\t\t\t\t<\/span>\n\t\t\t\t\t<\/a>\n\t\t\t\t<\/div>\n\t\t\t\t\t\t\t\t<\/div>\n\t\t\t\t<\/div>\n\t\t\t\t\t<\/div>\n\t\t<\/div>\n\t\t\t\t\t<\/div>\n\t\t<\/section>\n\t\t\t\t<section class=\"elementor-section elementor-top-section elementor-element elementor-element-c83d8b2 elementor-section-boxed elementor-section-height-default elementor-section-height-default\" data-id=\"c83d8b2\" data-element_type=\"section\" data-e-type=\"section\" data-settings=\"{&quot;background_background&quot;:&quot;classic&quot;,&quot;_ha_eqh_enable&quot;:false}\">\n\t\t\t\t\t\t<div class=\"elementor-container elementor-column-gap-default\">\n\t\t\t\t\t<div class=\"elementor-column elementor-col-100 elementor-top-column elementor-element elementor-element-9813c5d\" data-id=\"9813c5d\" data-element_type=\"column\" data-e-type=\"column\">\n\t\t\t<div class=\"elementor-widget-wrap elementor-element-populated\">\n\t\t\t\t\t\t<div class=\"elementor-element elementor-element-5b8b421 elementor-widget elementor-widget-heading\" data-id=\"5b8b421\" data-element_type=\"widget\" data-e-type=\"widget\" data-widget_type=\"heading.default\">\n\t\t\t\t<div class=\"elementor-widget-container\">\n\t\t\t\t\t<h3 class=\"elementor-heading-title elementor-size-xxl\">+32(0)477.799.315<\/h3>\t\t\t\t<\/div>\n\t\t\t\t<\/div>\n\t\t\t\t\t<\/div>\n\t\t<\/div>\n\t\t\t\t\t<\/div>\n\t\t<\/section>\n\t\t\t\t<\/div>\n\t\t","protected":false},"excerpt":{"rendered":"<p>Piscine Piscine : un espace \u00e0 partager Un Espace \u00e0 Partager \u00a0Les piscines sont d\u00e9sormais con\u00e7ues par les professionnels comme des ensembles coh\u00e9rents, des lieux \u00e0 vivre, \u00e0 partager. Les plages sont am\u00e9nag\u00e9es, les bassins int\u00e9gr\u00e9s \u00e0 leur environnement et participent activement \u00e0 la\u00a0d\u00e9coration du jardin, de par leurs formes, leurs couleurs, leur \u00e9clairage, etc. &hellip;<\/p>\n<p class=\"read-more\"> <a class=\"\" href=\"https:\/\/fonteyneconstruction.be\/?page_id=3086\"> <span class=\"screen-reader-text\">Piscine<\/span> Lire la suite\u00a0\u00bb<\/a><\/p>\n","protected":false},"author":1,"featured_media":0,"parent":72,"menu_order":0,"comment_status":"closed","ping_status":"closed","template":"elementor_theme","meta":{"_monsterinsights_skip_tracking":false,"_monsterinsights_sitenote_active":false,"_monsterinsights_sitenote_note":"","_monsterinsights_sitenote_category":0,"footnotes":""},"class_list":["post-3086","page","type-page","status-publish","hentry"],"_links":{"self":[{"href":"https:\/\/fonteyneconstruction.be\/index.php?rest_route=\/wp\/v2\/pages\/3086","targetHints":{"allow":["GET"]}}],"collection":[{"href":"https:\/\/fonteyneconstruction.be\/index.php?rest_route=\/wp\/v2\/pages"}],"about":[{"href":"https:\/\/fonteyneconstruction.be\/index.php?rest_route=\/wp\/v2\/types\/page"}],"author":[{"embeddable":true,"href":"https:\/\/fonteyneconstruction.be\/index.php?rest_route=\/wp\/v2\/users\/1"}],"replies":[{"embeddable":true,"href":"https:\/\/fonteyneconstruction.be\/index.php?rest_route=%2Fwp%2Fv2%2Fcomments&post=3086"}],"version-history":[{"count":50,"href":"https:\/\/fonteyneconstruction.be\/index.php?rest_route=\/wp\/v2\/pages\/3086\/revisions"}],"predecessor-version":[{"id":3612,"href":"https:\/\/fonteyneconstruction.be\/index.php?rest_route=\/wp\/v2\/pages\/3086\/revisions\/3612"}],"up":[{"embeddable":true,"href":"https:\/\/fonteyneconstruction.be\/index.php?rest_route=\/wp\/v2\/pages\/72"}],"wp:attachment":[{"href":"https:\/\/fonteyneconstruction.be\/index.php?rest_route=%2Fwp%2Fv2%2Fmedia&parent=3086"}],"curies":[{"name":"wp","href":"https:\/\/api.w.org\/{rel}","templated":true}]}}