{"id":3149,"date":"2021-03-14T18:15:13","date_gmt":"2021-03-14T17:15:13","guid":{"rendered":"https:\/\/fonteyneconstruction.be\/?page_id=3149"},"modified":"2021-03-19T19:11:19","modified_gmt":"2021-03-19T18:11:19","slug":"residentiel","status":"publish","type":"page","link":"https:\/\/fonteyneconstruction.be\/?page_id=3149","title":{"rendered":"R\u00e9sidentiel"},"content":{"rendered":"\t\t<div data-elementor-type=\"wp-page\" data-elementor-id=\"3149\" class=\"elementor elementor-3149\">\n\t\t\t\t\t\t<section class=\"elementor-section elementor-top-section elementor-element elementor-element-4cd2549 elementor-section-boxed elementor-section-height-default elementor-section-height-default\" data-id=\"4cd2549\" data-element_type=\"section\" data-e-type=\"section\" data-settings=\"{&quot;background_background&quot;:&quot;classic&quot;,&quot;_ha_eqh_enable&quot;:false}\">\n\t\t\t\t\t\t\t<div class=\"elementor-background-overlay\"><\/div>\n\t\t\t\t\t\t\t<div class=\"elementor-container elementor-column-gap-no\">\n\t\t\t\t\t<div class=\"elementor-column elementor-col-100 elementor-top-column elementor-element elementor-element-4089c632\" data-id=\"4089c632\" data-element_type=\"column\" data-e-type=\"column\">\n\t\t\t<div class=\"elementor-widget-wrap elementor-element-populated\">\n\t\t\t\t\t\t<div class=\"elementor-element elementor-element-676be95c elementor-widget elementor-widget-heading\" data-id=\"676be95c\" data-element_type=\"widget\" data-e-type=\"widget\" data-widget_type=\"heading.default\">\n\t\t\t\t<div class=\"elementor-widget-container\">\n\t\t\t\t\t<h1 class=\"elementor-heading-title elementor-size-default\">R\u00e9sidentiel<\/h1>\t\t\t\t<\/div>\n\t\t\t\t<\/div>\n\t\t\t\t\t<\/div>\n\t\t<\/div>\n\t\t\t\t\t<\/div>\n\t\t<\/section>\n\t\t\t\t<section class=\"elementor-section elementor-top-section elementor-element elementor-element-12a817f elementor-section-boxed elementor-section-height-default elementor-section-height-default\" data-id=\"12a817f\" data-element_type=\"section\" data-e-type=\"section\" data-settings=\"{&quot;_ha_eqh_enable&quot;:false}\">\n\t\t\t\t\t\t<div class=\"elementor-container elementor-column-gap-default\">\n\t\t\t\t\t<div class=\"elementor-column elementor-col-100 elementor-top-column elementor-element elementor-element-c9877e3\" data-id=\"c9877e3\" data-element_type=\"column\" data-e-type=\"column\">\n\t\t\t<div class=\"elementor-widget-wrap elementor-element-populated\">\n\t\t\t\t\t\t<div class=\"elementor-element elementor-element-2b6d0be elementor-widget elementor-widget-spacer\" data-id=\"2b6d0be\" data-element_type=\"widget\" data-e-type=\"widget\" data-widget_type=\"spacer.default\">\n\t\t\t\t<div class=\"elementor-widget-container\">\n\t\t\t\t\t\t\t<div class=\"elementor-spacer\">\n\t\t\t<div class=\"elementor-spacer-inner\"><\/div>\n\t\t<\/div>\n\t\t\t\t\t\t<\/div>\n\t\t\t\t<\/div>\n\t\t\t\t\t<\/div>\n\t\t<\/div>\n\t\t\t\t\t<\/div>\n\t\t<\/section>\n\t\t\t\t<section class=\"elementor-section elementor-top-section elementor-element elementor-element-cc4c951 elementor-section-boxed elementor-section-height-default elementor-section-height-default\" data-id=\"cc4c951\" data-element_type=\"section\" data-e-type=\"section\" data-settings=\"{&quot;_ha_eqh_enable&quot;:false}\">\n\t\t\t\t\t\t<div class=\"elementor-container elementor-column-gap-default\">\n\t\t\t\t\t<div class=\"elementor-column elementor-col-50 elementor-top-column elementor-element elementor-element-fe23780\" data-id=\"fe23780\" data-element_type=\"column\" data-e-type=\"column\">\n\t\t\t<div class=\"elementor-widget-wrap elementor-element-populated\">\n\t\t\t\t\t\t<div class=\"elementor-element elementor-element-5d5cbc2 animated-slow elementor-invisible elementor-widget elementor-widget-heading\" data-id=\"5d5cbc2\" data-element_type=\"widget\" data-e-type=\"widget\" data-settings=\"{&quot;ha_floating_fx&quot;:&quot;yes&quot;,&quot;ha_floating_fx_translate_toggle&quot;:&quot;yes&quot;,&quot;ha_floating_fx_translate_x&quot;:{&quot;unit&quot;:&quot;px&quot;,&quot;size&quot;:&quot;&quot;,&quot;sizes&quot;:{&quot;from&quot;:0,&quot;to&quot;:32}},&quot;ha_floating_fx_translate_y&quot;:{&quot;unit&quot;:&quot;px&quot;,&quot;size&quot;:&quot;&quot;,&quot;sizes&quot;:{&quot;from&quot;:0,&quot;to&quot;:10}},&quot;_animation&quot;:&quot;bounceIn&quot;,&quot;_animation_mobile&quot;:&quot;bounceIn&quot;,&quot;ha_floating_fx_translate_duration&quot;:{&quot;unit&quot;:&quot;px&quot;,&quot;size&quot;:1000,&quot;sizes&quot;:[]},&quot;ha_floating_fx_translate_delay&quot;:{&quot;unit&quot;:&quot;px&quot;,&quot;size&quot;:&quot;&quot;,&quot;sizes&quot;:[]}}\" data-widget_type=\"heading.default\">\n\t\t\t\t<div class=\"elementor-widget-container\">\n\t\t\t\t\t<h2 class=\"elementor-heading-title elementor-size-xl\">POURQUOI\nUNE REALISATION\nQ-ZEN<\/h2>\t\t\t\t<\/div>\n\t\t\t\t<\/div>\n\t\t\t\t\t<\/div>\n\t\t<\/div>\n\t\t\t\t<div class=\"elementor-column elementor-col-50 elementor-top-column elementor-element elementor-element-780efa9\" data-id=\"780efa9\" data-element_type=\"column\" data-e-type=\"column\">\n\t\t\t<div class=\"elementor-widget-wrap elementor-element-populated\">\n\t\t\t\t\t\t<div class=\"elementor-element elementor-element-24c01b3 animated-slow elementor-invisible elementor-widget elementor-widget-image\" data-id=\"24c01b3\" data-element_type=\"widget\" data-e-type=\"widget\" data-settings=\"{&quot;_animation&quot;:&quot;slideInLeft&quot;}\" data-widget_type=\"image.default\">\n\t\t\t\t<div class=\"elementor-widget-container\">\n\t\t\t\t\t\t\t\t\t\t\t\t\t\t\t<img fetchpriority=\"high\" decoding=\"async\" width=\"225\" height=\"224\" src=\"https:\/\/fonteyneconstruction.be\/wp-content\/uploads\/2021\/03\/a.jpg\" class=\"attachment-medium_large size-medium_large wp-image-3553\" alt=\"\" srcset=\"https:\/\/fonteyneconstruction.be\/wp-content\/uploads\/2021\/03\/a.jpg 225w, https:\/\/fonteyneconstruction.be\/wp-content\/uploads\/2021\/03\/a-150x150.jpg 150w\" sizes=\"(max-width: 225px) 100vw, 225px\" \/>\t\t\t\t\t\t\t\t\t\t\t\t\t\t\t<\/div>\n\t\t\t\t<\/div>\n\t\t\t\t\t<\/div>\n\t\t<\/div>\n\t\t\t\t\t<\/div>\n\t\t<\/section>\n\t\t\t\t<section class=\"elementor-section elementor-top-section elementor-element elementor-element-c8311d9 elementor-section-boxed elementor-section-height-default elementor-section-height-default\" data-id=\"c8311d9\" data-element_type=\"section\" data-e-type=\"section\" data-settings=\"{&quot;_ha_eqh_enable&quot;:false}\">\n\t\t\t\t\t\t<div class=\"elementor-container elementor-column-gap-default\">\n\t\t\t\t\t<div class=\"elementor-column elementor-col-100 elementor-top-column elementor-element elementor-element-a0789e5\" data-id=\"a0789e5\" data-element_type=\"column\" data-e-type=\"column\">\n\t\t\t<div class=\"elementor-widget-wrap elementor-element-populated\">\n\t\t\t\t\t\t<div class=\"elementor-element elementor-element-f9a1a59 elementor-widget-divider--view-line elementor-widget elementor-widget-divider\" data-id=\"f9a1a59\" data-element_type=\"widget\" data-e-type=\"widget\" data-widget_type=\"divider.default\">\n\t\t\t\t<div class=\"elementor-widget-container\">\n\t\t\t\t\t\t\t<div class=\"elementor-divider\">\n\t\t\t<span class=\"elementor-divider-separator\">\n\t\t\t\t\t\t<\/span>\n\t\t<\/div>\n\t\t\t\t\t\t<\/div>\n\t\t\t\t<\/div>\n\t\t\t\t\t<\/div>\n\t\t<\/div>\n\t\t\t\t\t<\/div>\n\t\t<\/section>\n\t\t\t\t<section class=\"elementor-section elementor-top-section elementor-element elementor-element-7421c5b elementor-section-boxed elementor-section-height-default elementor-section-height-default\" data-id=\"7421c5b\" data-element_type=\"section\" data-e-type=\"section\" data-settings=\"{&quot;_ha_eqh_enable&quot;:false}\">\n\t\t\t\t\t\t<div class=\"elementor-container elementor-column-gap-default\">\n\t\t\t\t\t<div class=\"elementor-column elementor-col-100 elementor-top-column elementor-element elementor-element-eb37102\" data-id=\"eb37102\" data-element_type=\"column\" data-e-type=\"column\">\n\t\t\t<div class=\"elementor-widget-wrap elementor-element-populated\">\n\t\t\t\t\t\t<div class=\"elementor-element elementor-element-5ed38a0 elementor-widget elementor-widget-text-editor\" data-id=\"5ed38a0\" data-element_type=\"widget\" data-e-type=\"widget\" data-widget_type=\"text-editor.default\">\n\t\t\t\t<div class=\"elementor-widget-container\">\n\t\t\t\t\t\t\t\t\tDepuis le d\u00e9but de cette ann\u00e9e, toute nouvelle construction en Wallonie doit obligatoirement avoir une consommation\u00a0<strong>Quasi-Z\u00e9ro \u00c9nergie (Q-ZEN)<\/strong>\t\t\t\t\t\t\t\t<\/div>\n\t\t\t\t<\/div>\n\t\t\t\t\t<\/div>\n\t\t<\/div>\n\t\t\t\t\t<\/div>\n\t\t<\/section>\n\t\t\t\t<section class=\"elementor-section elementor-top-section elementor-element elementor-element-cdd54f7 elementor-section-boxed elementor-section-height-default elementor-section-height-default\" data-id=\"cdd54f7\" data-element_type=\"section\" data-e-type=\"section\" data-settings=\"{&quot;_ha_eqh_enable&quot;:false}\">\n\t\t\t\t\t\t<div class=\"elementor-container elementor-column-gap-default\">\n\t\t\t\t\t<div class=\"elementor-column elementor-col-100 elementor-top-column elementor-element elementor-element-bf7db1e\" data-id=\"bf7db1e\" data-element_type=\"column\" data-e-type=\"column\">\n\t\t\t<div class=\"elementor-widget-wrap elementor-element-populated\">\n\t\t\t\t\t\t<div class=\"elementor-element elementor-element-24f378a elementor-widget elementor-widget-text-editor\" data-id=\"24f378a\" data-element_type=\"widget\" data-e-type=\"widget\" data-widget_type=\"text-editor.default\">\n\t\t\t\t<div class=\"elementor-widget-container\">\n\t\t\t\t\t\t\t\t\t<p>Avec Fonteyne Construction, tout est pens\u00e9 pour que votre future maison soit la plus confortable mais aussi la plus \u00e9conome possible. Investir dans une construction aux normes Q-Zen, c\u2019est l\u2019assurance d\u2019une r\u00e9elle \u00e9conomie sur les charges mensuelles. En route pour un avenir plus propre<\/p>\t\t\t\t\t\t\t\t<\/div>\n\t\t\t\t<\/div>\n\t\t\t\t\t<\/div>\n\t\t<\/div>\n\t\t\t\t\t<\/div>\n\t\t<\/section>\n\t\t\t\t<section class=\"elementor-section elementor-top-section elementor-element elementor-element-5e3cf93 elementor-section-boxed elementor-section-height-default elementor-section-height-default\" data-id=\"5e3cf93\" data-element_type=\"section\" data-e-type=\"section\" data-settings=\"{&quot;_ha_eqh_enable&quot;:false}\">\n\t\t\t\t\t\t<div class=\"elementor-container elementor-column-gap-default\">\n\t\t\t\t\t<div class=\"elementor-column elementor-col-50 elementor-top-column elementor-element elementor-element-dc8c64c\" data-id=\"dc8c64c\" data-element_type=\"column\" data-e-type=\"column\">\n\t\t\t<div class=\"elementor-widget-wrap elementor-element-populated\">\n\t\t\t\t\t\t<div class=\"elementor-element elementor-element-eabfcfd elementor-widget elementor-widget-text-editor\" data-id=\"eabfcfd\" data-element_type=\"widget\" data-e-type=\"widget\" data-widget_type=\"text-editor.default\">\n\t\t\t\t<div class=\"elementor-widget-container\">\n\t\t\t\t\t\t\t\t\t<p>Notre philosophie de construction en mati\u00e8re \u00e9nerg\u00e9tique est r\u00e9solument tourn\u00e9e vers le respect de notre plan\u00e8te. C\u2019est pourquoi, nous conseillons :<\/p>\t\t\t\t\t\t\t\t<\/div>\n\t\t\t\t<\/div>\n\t\t\t\t<div class=\"elementor-element elementor-element-bba7200 elementor-widget elementor-widget-text-editor\" data-id=\"bba7200\" data-element_type=\"widget\" data-e-type=\"widget\" data-widget_type=\"text-editor.default\">\n\t\t\t\t<div class=\"elementor-widget-container\">\n\t\t\t\t\t\t\t\t\t<ul><li>Chauffage au sol avec une eau chauff\u00e9e \u00e0 basse temp\u00e9rature,<\/li><li>Panneaux solaires,<\/li><li>Triple vitrage,<\/li><li>Ch\u00e2ssis alu,<\/li><li>Isolation des murs, des pieds de mur, des chapes et des toitures,<\/li><li>Citerne \u00e0 eau de pluie<\/li><\/ul>\t\t\t\t\t\t\t\t<\/div>\n\t\t\t\t<\/div>\n\t\t\t\t\t<\/div>\n\t\t<\/div>\n\t\t\t\t<div class=\"elementor-column elementor-col-50 elementor-top-column elementor-element elementor-element-79c4fdf\" data-id=\"79c4fdf\" data-element_type=\"column\" data-e-type=\"column\">\n\t\t\t<div class=\"elementor-widget-wrap elementor-element-populated\">\n\t\t\t\t\t\t<div class=\"elementor-element elementor-element-258a1f0 elementor-widget elementor-widget-image\" data-id=\"258a1f0\" data-element_type=\"widget\" data-e-type=\"widget\" data-widget_type=\"image.default\">\n\t\t\t\t<div class=\"elementor-widget-container\">\n\t\t\t\t\t\t\t\t\t\t\t\t\t\t\t<img decoding=\"async\" width=\"554\" height=\"240\" src=\"https:\/\/fonteyneconstruction.be\/wp-content\/uploads\/2021\/03\/240_F_85129296_.jpg\" class=\"attachment-large size-large wp-image-3248\" alt=\"\" srcset=\"https:\/\/fonteyneconstruction.be\/wp-content\/uploads\/2021\/03\/240_F_85129296_.jpg 554w, https:\/\/fonteyneconstruction.be\/wp-content\/uploads\/2021\/03\/240_F_85129296_-300x130.jpg 300w\" sizes=\"(max-width: 554px) 100vw, 554px\" \/>\t\t\t\t\t\t\t\t\t\t\t\t\t\t\t<\/div>\n\t\t\t\t<\/div>\n\t\t\t\t\t<\/div>\n\t\t<\/div>\n\t\t\t\t\t<\/div>\n\t\t<\/section>\n\t\t\t\t<section class=\"elementor-section elementor-top-section elementor-element elementor-element-8fe6b3a elementor-section-boxed elementor-section-height-default elementor-section-height-default\" data-id=\"8fe6b3a\" data-element_type=\"section\" data-e-type=\"section\" data-settings=\"{&quot;_ha_eqh_enable&quot;:false}\">\n\t\t\t\t\t\t<div class=\"elementor-container elementor-column-gap-default\">\n\t\t\t\t\t<div class=\"elementor-column elementor-col-100 elementor-top-column elementor-element elementor-element-9ce97c9\" data-id=\"9ce97c9\" data-element_type=\"column\" data-e-type=\"column\">\n\t\t\t<div class=\"elementor-widget-wrap elementor-element-populated\">\n\t\t\t\t\t\t<div class=\"elementor-element elementor-element-8695f01 elementor-widget elementor-widget-text-editor\" data-id=\"8695f01\" data-element_type=\"widget\" data-e-type=\"widget\" data-widget_type=\"text-editor.default\">\n\t\t\t\t<div class=\"elementor-widget-container\">\n\t\t\t\t\t\t\t\t\t<h2>Pourquoi envisager la construction Q-ZEN d\u00e8s maintenant\u00a0?<\/h2><p>Pourquoi attendre 2021 alors qu\u2019une maison Q-ZEN n\u2019offre d\u00e9j\u00e0 que des avantages aujourd\u2019hui\u00a0? Un niveau E<sub>w<\/sub>\u00a0correct est, par exemple, synonyme de valeur ajout\u00e9e pour votre maison. Voyez cela comme un investissement pour l\u2019avenir.<\/p><p>Mais une maison Q-ZEN est \u00e9galement b\u00e9n\u00e9fique \u00e0 court terme. Les mesures d\u2019\u00e9conomie d\u2019\u00e9nergie et les \u00e9nergies renouvelables se rentabilisent d\u2019elles-m\u00eames \u00e0 court terme\u00a0; vous le remarquez directement sur votre facture \u00e9nerg\u00e9tique. Vous faites mieux que ce qu\u2019impose la norme\u00a0? Vous b\u00e9n\u00e9ficiez alors de\u00a0<strong>primes suppl\u00e9mentaires<\/strong>, d\u2019une\u00a0<strong>r\u00e9duction<\/strong>\u00a0de pr\u00e9compte immobilier et de conditions\u00a0<strong>d\u2019emprunt<\/strong>\u00a0<strong>plus<\/strong>\u00a0<strong>avantageuses<\/strong>.<\/p><p><strong>Tour d\u2019horizon de quelques avantages :<\/strong><\/p><ul><li>Facture \u00e9nerg\u00e9tique consid\u00e9rablement r\u00e9duite<\/li><li>Confort accru gr\u00e2ce \u00e0 la r\u00e9duction des d\u00e9perditions de chaleur et des courants d\u2019air<\/li><li>Conservation de la valeur de la maison, m\u00eame apr\u00e8s 2020<\/li><li>Moindre d\u00e9pendance aux combustibles fossiles<\/li><li>Coup de pouce dans la lutte contre les changements climatiques<\/li><\/ul><div>\u00a0<\/div><h2>Quelles sont les exigences quasi z\u00e9ro \u00e9nergie ?<\/h2><p><strong>Aper\u00e7u des exigences PEB des maisons Q-ZEN :<\/strong><\/p><ul><li>Niveau K: &lt;= K35<\/li><li>Niveau E<sub>w<\/sub>: &lt;= 45<\/li><li>Niveau E<sub>spec<\/sub>: &lt;= 85 kWh\/m<sup>2<\/sup>.an<\/li><li>Surchauffe: &lt; 6500 Kh<\/li><\/ul><p><strong>Production d\u2019\u00e9nergie renouvelable<\/strong><\/p><p>Une maison Q-ZEN doit produire d\u2019\u00e9nergie renouvelable. Misez, pour ce faire, sur un chauffe-eau solaire, des panneaux solaires, une pompe \u00e0 chaleur, une chaudi\u00e8re \u00e0 biomasse\u2026<\/p><p>\u00a0<\/p><h2>Envie de construire une maison Q-ZEN\u00a0?<\/h2><p>Les r\u00e8gles de base d\u2019une maison Q-ZEN optimale\u00a0? Construisez une habitation compacte, \u00e9tanche \u00e0 l\u2019air et dot\u00e9e d\u2019une enveloppe isolante efficace. Les \u00e9conomies d\u2019\u00e9nergie passent, en effet, par la r\u00e9tention de la chaleur. Isolez bien le toit, les murs et les sols. Et installez un vitrage \u00e0 haut rendement.<\/p>\t\t\t\t\t\t\t\t<\/div>\n\t\t\t\t<\/div>\n\t\t\t\t\t<\/div>\n\t\t<\/div>\n\t\t\t\t\t<\/div>\n\t\t<\/section>\n\t\t\t\t<section class=\"elementor-section elementor-top-section elementor-element elementor-element-a743a53 elementor-section-boxed elementor-section-height-default elementor-section-height-default\" data-id=\"a743a53\" data-element_type=\"section\" data-e-type=\"section\" data-settings=\"{&quot;_ha_eqh_enable&quot;:false}\">\n\t\t\t\t\t\t<div class=\"elementor-container elementor-column-gap-default\">\n\t\t\t\t\t<div class=\"elementor-column elementor-col-100 elementor-top-column elementor-element elementor-element-87a02c2\" data-id=\"87a02c2\" data-element_type=\"column\" data-e-type=\"column\">\n\t\t\t<div class=\"elementor-widget-wrap elementor-element-populated\">\n\t\t\t\t\t\t<div class=\"elementor-element elementor-element-9e49eb9 elementor-widget elementor-widget-spacer\" data-id=\"9e49eb9\" data-element_type=\"widget\" data-e-type=\"widget\" data-widget_type=\"spacer.default\">\n\t\t\t\t<div class=\"elementor-widget-container\">\n\t\t\t\t\t\t\t<div class=\"elementor-spacer\">\n\t\t\t<div class=\"elementor-spacer-inner\"><\/div>\n\t\t<\/div>\n\t\t\t\t\t\t<\/div>\n\t\t\t\t<\/div>\n\t\t\t\t\t<\/div>\n\t\t<\/div>\n\t\t\t\t\t<\/div>\n\t\t<\/section>\n\t\t\t\t<section class=\"elementor-section elementor-top-section elementor-element elementor-element-f42b3c9 elementor-section-boxed elementor-section-height-default elementor-section-height-default\" data-id=\"f42b3c9\" data-element_type=\"section\" data-e-type=\"section\" data-settings=\"{&quot;background_background&quot;:&quot;classic&quot;,&quot;_ha_eqh_enable&quot;:false}\">\n\t\t\t\t\t\t\t<div class=\"elementor-background-overlay\"><\/div>\n\t\t\t\t\t\t\t<div class=\"elementor-container elementor-column-gap-no\">\n\t\t\t\t\t<div class=\"elementor-column elementor-col-100 elementor-top-column elementor-element elementor-element-24e9337\" data-id=\"24e9337\" data-element_type=\"column\" data-e-type=\"column\">\n\t\t\t<div class=\"elementor-widget-wrap elementor-element-populated\">\n\t\t\t\t\t\t<div class=\"elementor-element elementor-element-044c4da elementor-widget-divider--view-line elementor-widget elementor-widget-divider\" data-id=\"044c4da\" data-element_type=\"widget\" data-e-type=\"widget\" data-widget_type=\"divider.default\">\n\t\t\t\t<div class=\"elementor-widget-container\">\n\t\t\t\t\t\t\t<div class=\"elementor-divider\">\n\t\t\t<span class=\"elementor-divider-separator\">\n\t\t\t\t\t\t<\/span>\n\t\t<\/div>\n\t\t\t\t\t\t<\/div>\n\t\t\t\t<\/div>\n\t\t\t\t<div class=\"elementor-element elementor-element-6825689 elementor-widget elementor-widget-heading\" data-id=\"6825689\" data-element_type=\"widget\" data-e-type=\"widget\" data-widget_type=\"heading.default\">\n\t\t\t\t<div class=\"elementor-widget-container\">\n\t\t\t\t\t<h2 class=\"elementor-heading-title elementor-size-default\">Nous fournissons le meilleur service<\/h2>\t\t\t\t<\/div>\n\t\t\t\t<\/div>\n\t\t\t\t<div class=\"elementor-element elementor-element-92ad8cb elementor-align-center elementor-widget elementor-widget-button\" data-id=\"92ad8cb\" data-element_type=\"widget\" data-e-type=\"widget\" data-widget_type=\"button.default\">\n\t\t\t\t<div class=\"elementor-widget-container\">\n\t\t\t\t\t\t\t\t\t<div class=\"elementor-button-wrapper\">\n\t\t\t\t\t<a class=\"elementor-button elementor-button-link elementor-size-sm\" href=\"http:\/\/fonteyneconstruction.be\/?page_id=73\">\n\t\t\t\t\t\t<span class=\"elementor-button-content-wrapper\">\n\t\t\t\t\t\t<span class=\"elementor-button-icon\">\n\t\t\t\t<svg xmlns=\"http:\/\/www.w3.org\/2000\/svg\" viewBox=\"0 0 32 32\"><path d=\"M 18.71875 6.78125 L 17.28125 8.21875 L 24.0625 15 L 4 15 L 4 17 L 24.0625 17 L 17.28125 23.78125 L 18.71875 25.21875 L 27.21875 16.71875 L 27.90625 16 L 27.21875 15.28125 Z\"><\/path><\/svg>\t\t\t<\/span>\n\t\t\t\t\t\t\t\t\t<span class=\"elementor-button-text\">Contactez-nous d\u00e8s aujourd'hui<\/span>\n\t\t\t\t\t<\/span>\n\t\t\t\t\t<\/a>\n\t\t\t\t<\/div>\n\t\t\t\t\t\t\t\t<\/div>\n\t\t\t\t<\/div>\n\t\t\t\t\t<\/div>\n\t\t<\/div>\n\t\t\t\t\t<\/div>\n\t\t<\/section>\n\t\t\t\t<section class=\"elementor-section elementor-top-section elementor-element elementor-element-b7a7ee1 elementor-section-boxed elementor-section-height-default elementor-section-height-default\" data-id=\"b7a7ee1\" data-element_type=\"section\" data-e-type=\"section\" data-settings=\"{&quot;_ha_eqh_enable&quot;:false}\">\n\t\t\t\t\t\t<div class=\"elementor-container elementor-column-gap-default\">\n\t\t\t\t\t<div class=\"elementor-column elementor-col-100 elementor-top-column elementor-element elementor-element-11aa8b1\" data-id=\"11aa8b1\" data-element_type=\"column\" data-e-type=\"column\">\n\t\t\t<div class=\"elementor-widget-wrap elementor-element-populated\">\n\t\t\t\t\t\t<div class=\"elementor-element elementor-element-0ae0335 elementor-widget elementor-widget-heading\" data-id=\"0ae0335\" data-element_type=\"widget\" data-e-type=\"widget\" data-widget_type=\"heading.default\">\n\t\t\t\t<div class=\"elementor-widget-container\">\n\t\t\t\t\t<h3 class=\"elementor-heading-title elementor-size-xxl\">+32(0)477.799.315<\/h3>\t\t\t\t<\/div>\n\t\t\t\t<\/div>\n\t\t\t\t\t<\/div>\n\t\t<\/div>\n\t\t\t\t\t<\/div>\n\t\t<\/section>\n\t\t\t\t<\/div>\n\t\t","protected":false},"excerpt":{"rendered":"<p>R\u00e9sidentiel POURQUOI UNE REALISATION Q-ZEN Depuis le d\u00e9but de cette ann\u00e9e, toute nouvelle construction en Wallonie doit obligatoirement avoir une consommation\u00a0Quasi-Z\u00e9ro \u00c9nergie (Q-ZEN) Avec Fonteyne Construction, tout est pens\u00e9 pour que votre future maison soit la plus confortable mais aussi la plus \u00e9conome possible. Investir dans une construction aux normes Q-Zen, c\u2019est l\u2019assurance d\u2019une r\u00e9elle &hellip;<\/p>\n<p class=\"read-more\"> <a class=\"\" href=\"https:\/\/fonteyneconstruction.be\/?page_id=3149\"> <span class=\"screen-reader-text\">R\u00e9sidentiel<\/span> Lire la suite\u00a0\u00bb<\/a><\/p>\n","protected":false},"author":1,"featured_media":0,"parent":72,"menu_order":0,"comment_status":"closed","ping_status":"closed","template":"","meta":{"_monsterinsights_skip_tracking":false,"_monsterinsights_sitenote_active":false,"_monsterinsights_sitenote_note":"","_monsterinsights_sitenote_category":0,"footnotes":""},"class_list":["post-3149","page","type-page","status-publish","hentry"],"_links":{"self":[{"href":"https:\/\/fonteyneconstruction.be\/index.php?rest_route=\/wp\/v2\/pages\/3149","targetHints":{"allow":["GET"]}}],"collection":[{"href":"https:\/\/fonteyneconstruction.be\/index.php?rest_route=\/wp\/v2\/pages"}],"about":[{"href":"https:\/\/fonteyneconstruction.be\/index.php?rest_route=\/wp\/v2\/types\/page"}],"author":[{"embeddable":true,"href":"https:\/\/fonteyneconstruction.be\/index.php?rest_route=\/wp\/v2\/users\/1"}],"replies":[{"embeddable":true,"href":"https:\/\/fonteyneconstruction.be\/index.php?rest_route=%2Fwp%2Fv2%2Fcomments&post=3149"}],"version-history":[{"count":82,"href":"https:\/\/fonteyneconstruction.be\/index.php?rest_route=\/wp\/v2\/pages\/3149\/revisions"}],"predecessor-version":[{"id":3603,"href":"https:\/\/fonteyneconstruction.be\/index.php?rest_route=\/wp\/v2\/pages\/3149\/revisions\/3603"}],"up":[{"embeddable":true,"href":"https:\/\/fonteyneconstruction.be\/index.php?rest_route=\/wp\/v2\/pages\/72"}],"wp:attachment":[{"href":"https:\/\/fonteyneconstruction.be\/index.php?rest_route=%2Fwp%2Fv2%2Fmedia&parent=3149"}],"curies":[{"name":"wp","href":"https:\/\/api.w.org\/{rel}","templated":true}]}}